{"id":1161,"date":"2014-02-20T11:00:08","date_gmt":"2014-02-20T11:00:08","guid":{"rendered":"http:\/\/muffingroup.com\/dev8624\/betheme\/?page_id=2"},"modified":"2024-10-17T14:34:29","modified_gmt":"2024-10-17T17:34:29","slug":"home","status":"publish","type":"page","link":"https:\/\/tapuio.com.br\/novo\/","title":{"rendered":"Home"},"content":{"rendered":"\n<p><\/p>\n\n\n\n<div class=\"wpcf7 no-js\" id=\"wpcf7-f4317-o1\" lang=\"pt-BR\" dir=\"ltr\">\n<div class=\"screen-reader-response\"><p role=\"status\" aria-live=\"polite\" aria-atomic=\"true\"><\/p> <ul><\/ul><\/div>\n<form action=\"\/novo\/wp-json\/wp\/v2\/pages\/1161#wpcf7-f4317-o1\" method=\"post\" class=\"wpcf7-form init\" aria-label=\"Formul\u00e1rios de contato\" novalidate=\"novalidate\" data-status=\"init\">\n<div style=\"display: none;\">\n<input type=\"hidden\" name=\"_wpcf7\" value=\"4317\" \/>\n<input type=\"hidden\" name=\"_wpcf7_version\" value=\"5.9.8\" \/>\n<input type=\"hidden\" name=\"_wpcf7_locale\" value=\"pt_BR\" \/>\n<input type=\"hidden\" name=\"_wpcf7_unit_tag\" value=\"wpcf7-f4317-o1\" \/>\n<input type=\"hidden\" name=\"_wpcf7_container_post\" value=\"0\" \/>\n<input type=\"hidden\" name=\"_wpcf7_posted_data_hash\" value=\"\" \/>\n<\/div>\n<p><label> Seu E-mail<br \/>\n<span class=\"wpcf7-form-control-wrap\" data-name=\"your-email\"><input size=\"40\" maxlength=\"400\" class=\"wpcf7-form-control wpcf7-email wpcf7-validates-as-required wpcf7-text wpcf7-validates-as-email\" aria-required=\"true\" aria-invalid=\"false\" value=\"\" type=\"email\" name=\"your-email\" \/><\/span> <\/label>\n<\/p>\n<p><label> Seu Nome<br \/>\n<span class=\"wpcf7-form-control-wrap\" data-name=\"your-name\"><input size=\"40\" maxlength=\"400\" class=\"wpcf7-form-control wpcf7-text wpcf7-validates-as-required\" aria-required=\"true\" aria-invalid=\"false\" value=\"\" type=\"text\" name=\"your-name\" \/><\/span> <\/label>\n<\/p>\n<p><input class=\"wpcf7-form-control wpcf7-submit has-spinner\" type=\"submit\" value=\"Se Inscrever\" \/>\n<\/p><p style=\"display: none !important;\" class=\"akismet-fields-container\" data-prefix=\"_wpcf7_ak_\"><label>&#916;<textarea name=\"_wpcf7_ak_hp_textarea\" cols=\"45\" rows=\"8\" maxlength=\"100\"><\/textarea><\/label><input type=\"hidden\" id=\"ak_js_1\" name=\"_wpcf7_ak_js\" value=\"33\"\/><script>document.getElementById( \"ak_js_1\" ).setAttribute( \"value\", ( new Date() ).getTime() );<\/script><\/p><div class=\"wpcf7-response-output\" aria-hidden=\"true\"><\/div>\n<\/form>\n<\/div>\n\n\n\n\n<h2 class=\"wp-block-heading\">Bem estar animal<\/h2>\n\n\n\n<p>A Tapuio Agropecu\u00e1ria Ltda., consciente da necessidade do elevado bem estar animal, se compromete a n\u00e3o construir novas unidades ou fazer qualquer outro tipo de investimento no sistema convencional de produ\u00e7\u00e3o de ovos, em que as galinhas poedeiras s\u00e3o mantidas confinadas em gaiolas a partir do dia 16\/10\/2024 e ter 100% da produ\u00e7\u00e3o de ovos livres de gaiolas at\u00e9 Dezembro de 2028, reportando publicamente o nosso progresso.<\/p>\n\n\n\n<p><\/p>\n","protected":false},"excerpt":{"rendered":"<p>Bem estar animal A Tapuio Agropecu\u00e1ria Ltda., consciente da necessidade do elevado bem estar animal, se compromete a n\u00e3o construir novas unidades ou fazer qualquer outro [&hellip;]<\/p>\n","protected":false},"author":1,"featured_media":0,"parent":0,"menu_order":0,"comment_status":"open","ping_status":"closed","template":"","meta":{"footnotes":""},"class_list":["post-1161","page","type-page","status-publish","hentry"],"_links":{"self":[{"href":"https:\/\/tapuio.com.br\/novo\/wp-json\/wp\/v2\/pages\/1161"}],"collection":[{"href":"https:\/\/tapuio.com.br\/novo\/wp-json\/wp\/v2\/pages"}],"about":[{"href":"https:\/\/tapuio.com.br\/novo\/wp-json\/wp\/v2\/types\/page"}],"author":[{"embeddable":true,"href":"https:\/\/tapuio.com.br\/novo\/wp-json\/wp\/v2\/users\/1"}],"replies":[{"embeddable":true,"href":"https:\/\/tapuio.com.br\/novo\/wp-json\/wp\/v2\/comments?post=1161"}],"version-history":[{"count":31,"href":"https:\/\/tapuio.com.br\/novo\/wp-json\/wp\/v2\/pages\/1161\/revisions"}],"predecessor-version":[{"id":0,"href":"https:\/\/tapuio.com.br\/novo\/wp-json\/wp\/v2\/pages\/1161\/revisions\/0"}],"wp:attachment":[{"href":"https:\/\/tapuio.com.br\/novo\/wp-json\/wp\/v2\/media?parent=1161"}],"curies":[{"name":"wp","href":"https:\/\/api.w.org\/{rel}","templated":true}]}}